{"id":18,"date":"2015-02-24T14:54:29","date_gmt":"2015-02-24T13:54:29","guid":{"rendered":"http:\/\/de-barros.com\/wordpress\/?page_id=18"},"modified":"2022-10-20T10:57:34","modified_gmt":"2022-10-20T08:57:34","slug":"gallery","status":"publish","type":"page","link":"https:\/\/istressporthalterophilie.fr\/index.php\/gallery\/","title":{"rendered":"Gallerie"},"content":{"rendered":"ngg_shortcode_0_placeholder\n","protected":false},"excerpt":{"rendered":"","protected":false},"author":1,"featured_media":0,"parent":0,"menu_order":3,"comment_status":"closed","ping_status":"closed","template":"","meta":{"ngg_post_thumbnail":0,"jetpack_post_was_ever_published":false,"footnotes":""},"class_list":["post-18","page","type-page","status-publish","hentry"],"jetpack_sharing_enabled":true,"jetpack_shortlink":"https:\/\/wp.me\/P6VFVS-i","jetpack-related-posts":[{"id":3802,"url":"https:\/\/istressporthalterophilie.fr\/index.php\/salle\/","url_meta":{"origin":18,"position":0},"title":"Salle","author":"daniel","date":"9 septembre 2022","format":false,"excerpt":"","rel":"","context":"Article similaire","block_context":{"text":"Article similaire","link":""},"img":{"alt_text":"","src":"","width":0,"height":0},"classes":[]},{"id":2425,"url":"https:\/\/istressporthalterophilie.fr\/index.php\/contact\/","url_meta":{"origin":18,"position":1},"title":"Contact","author":"daniel","date":"18 septembre 2019","format":false,"excerpt":"Attention l'adresse postale diff\u00e8re de l'adresse de pratique Adresse postale : Trigance 3, All\u00e9e de la passe pierre 13800 Istres contact@istressporthalterophilie.frhttp:\/\/facebook.com\/istressporthalterophilie\/ https:\/\/www.instagram.com\/istressporthalterophilie\/ Pr\u00e9sident du club : \u00a0 \u00a0\u00a0Daniel De BarrosTel: \u00a0 \u00a0 \u00a0 \u00a0 \u00a0 \u00a0 \u00a0 \u00a0 \u00a0 \u00a0 \u00a0 \u00a0 \u00a0 \u00a0 \u00a0 \u00a0 06 19 79 02\u2026","rel":"","context":"Article similaire","block_context":{"text":"Article similaire","link":""},"img":{"alt_text":"","src":"","width":0,"height":0},"classes":[]},{"id":3484,"url":"https:\/\/istressporthalterophilie.fr\/index.php\/tarifs-et-horaires\/","url_meta":{"origin":18,"position":2},"title":"Inscriptions &#8211; Tarifs &#8211; Horaire","author":"daniel","date":"6 septembre 2021","format":false,"excerpt":"Inscription Le club prend les inscriptions tout au long de l'ann\u00e9e (du 1er septembre au 31 Ao\u00fbt). Les prises d'inscriptions sont possible tous les jours avant 18h si possible. Document n\u00e9cessaire pour les - 18ans (Loisir ou comp\u00e9tition) Formulaire d'inscription + Questionnaire sant\u00e9 pour les mineurs + r\u00e8glement de la\u2026","rel":"","context":"Article similaire","block_context":{"text":"Article similaire","link":""},"img":{"alt_text":"","src":"https:\/\/i0.wp.com\/istressporthalterophilie.fr\/wp-content\/uploads\/2022\/09\/IMG_0657-scaled.jpg?fit=1200%2C613&ssl=1&resize=350%2C200","width":350,"height":200,"srcset":"https:\/\/i0.wp.com\/istressporthalterophilie.fr\/wp-content\/uploads\/2022\/09\/IMG_0657-scaled.jpg?fit=1200%2C613&ssl=1&resize=350%2C200 1x, https:\/\/i0.wp.com\/istressporthalterophilie.fr\/wp-content\/uploads\/2022\/09\/IMG_0657-scaled.jpg?fit=1200%2C613&ssl=1&resize=525%2C300 1.5x, https:\/\/i0.wp.com\/istressporthalterophilie.fr\/wp-content\/uploads\/2022\/09\/IMG_0657-scaled.jpg?fit=1200%2C613&ssl=1&resize=700%2C400 2x, https:\/\/i0.wp.com\/istressporthalterophilie.fr\/wp-content\/uploads\/2022\/09\/IMG_0657-scaled.jpg?fit=1200%2C613&ssl=1&resize=1050%2C600 3x"},"classes":[]}],"jetpack_likes_enabled":true,"_links":{"self":[{"href":"https:\/\/istressporthalterophilie.fr\/index.php\/wp-json\/wp\/v2\/pages\/18","targetHints":{"allow":["GET"]}}],"collection":[{"href":"https:\/\/istressporthalterophilie.fr\/index.php\/wp-json\/wp\/v2\/pages"}],"about":[{"href":"https:\/\/istressporthalterophilie.fr\/index.php\/wp-json\/wp\/v2\/types\/page"}],"author":[{"embeddable":true,"href":"https:\/\/istressporthalterophilie.fr\/index.php\/wp-json\/wp\/v2\/users\/1"}],"replies":[{"embeddable":true,"href":"https:\/\/istressporthalterophilie.fr\/index.php\/wp-json\/wp\/v2\/comments?post=18"}],"version-history":[{"count":13,"href":"https:\/\/istressporthalterophilie.fr\/index.php\/wp-json\/wp\/v2\/pages\/18\/revisions"}],"predecessor-version":[{"id":3982,"href":"https:\/\/istressporthalterophilie.fr\/index.php\/wp-json\/wp\/v2\/pages\/18\/revisions\/3982"}],"wp:attachment":[{"href":"https:\/\/istressporthalterophilie.fr\/index.php\/wp-json\/wp\/v2\/media?parent=18"}],"curies":[{"name":"wp","href":"https:\/\/api.w.org\/{rel}","templated":true}]}}