{"id":3514,"date":"2021-09-14T16:38:54","date_gmt":"2021-09-14T14:38:54","guid":{"rendered":"http:\/\/istressporthalterophilie.fr\/?page_id=3514"},"modified":"2022-04-13T10:34:34","modified_gmt":"2022-04-13T08:34:34","slug":"accueil","status":"publish","type":"page","link":"https:\/\/istressporthalterophilie.fr\/","title":{"rendered":"Accueil"},"content":{"rendered":"<ul class=\"wp-block-latest-posts__list is-grid columns-3 wp-block-latest-posts\"><li><div class=\"wp-block-latest-posts__featured-image\"><img loading=\"lazy\" decoding=\"async\" width=\"300\" height=\"200\" src=\"https:\/\/i0.wp.com\/istressporthalterophilie.fr\/wp-content\/uploads\/2026\/02\/nggallery_import\/IMG_2535.JPG?fit=300%2C200&amp;ssl=1\" class=\"attachment-medium size-medium wp-post-image\" alt=\"\" style=\"\" srcset=\"https:\/\/i0.wp.com\/istressporthalterophilie.fr\/wp-content\/uploads\/2026\/02\/nggallery_import\/IMG_2535.JPG?w=1800&amp;ssl=1 1800w, https:\/\/i0.wp.com\/istressporthalterophilie.fr\/wp-content\/uploads\/2026\/02\/nggallery_import\/IMG_2535.JPG?resize=300%2C200&amp;ssl=1 300w, https:\/\/i0.wp.com\/istressporthalterophilie.fr\/wp-content\/uploads\/2026\/02\/nggallery_import\/IMG_2535.JPG?resize=1024%2C683&amp;ssl=1 1024w, https:\/\/i0.wp.com\/istressporthalterophilie.fr\/wp-content\/uploads\/2026\/02\/nggallery_import\/IMG_2535.JPG?resize=768%2C512&amp;ssl=1 768w, https:\/\/i0.wp.com\/istressporthalterophilie.fr\/wp-content\/uploads\/2026\/02\/nggallery_import\/IMG_2535.JPG?resize=1536%2C1024&amp;ssl=1 1536w, https:\/\/i0.wp.com\/istressporthalterophilie.fr\/wp-content\/uploads\/2026\/02\/nggallery_import\/IMG_2535.JPG?resize=1140%2C760&amp;ssl=1 1140w, https:\/\/i0.wp.com\/istressporthalterophilie.fr\/wp-content\/uploads\/2026\/02\/nggallery_import\/IMG_2535.JPG?resize=570%2C380&amp;ssl=1 570w, https:\/\/i0.wp.com\/istressporthalterophilie.fr\/wp-content\/uploads\/2026\/02\/nggallery_import\/IMG_2535.JPG?resize=380%2C254&amp;ssl=1 380w, https:\/\/i0.wp.com\/istressporthalterophilie.fr\/wp-content\/uploads\/2026\/02\/nggallery_import\/IMG_2535.JPG?resize=285%2C190&amp;ssl=1 285w, https:\/\/i0.wp.com\/istressporthalterophilie.fr\/wp-content\/uploads\/2026\/02\/nggallery_import\/IMG_2535.JPG?resize=1320%2C880&amp;ssl=1 1320w\" sizes=\"auto, (max-width: 300px) 100vw, 300px\" data-attachment-id=\"4456\" data-permalink=\"https:\/\/istressporthalterophilie.fr\/img_2535\/\" data-orig-file=\"https:\/\/i0.wp.com\/istressporthalterophilie.fr\/wp-content\/uploads\/2026\/02\/nggallery_import\/IMG_2535.JPG?fit=1800%2C1200&amp;ssl=1\" data-orig-size=\"1800,1200\" data-comments-opened=\"0\" data-image-meta=\"{&quot;aperture&quot;:&quot;2.8&quot;,&quot;credit&quot;:&quot;DE BARROS Daniel&quot;,&quot;camera&quot;:&quot;Canon EOS 550D&quot;,&quot;caption&quot;:&quot;&quot;,&quot;created_timestamp&quot;:&quot;1771682101&quot;,&quot;copyright&quot;:&quot;DE BARROS Daniel&quot;,&quot;focal_length&quot;:&quot;50&quot;,&quot;iso&quot;:&quot;3200&quot;,&quot;shutter_speed&quot;:&quot;0.0015625&quot;,&quot;title&quot;:&quot;&quot;,&quot;orientation&quot;:&quot;1&quot;}\" data-image-title=\"IMG_2535\" data-image-description=\"\" data-image-caption=\"\" data-large-file=\"https:\/\/i0.wp.com\/istressporthalterophilie.fr\/wp-content\/uploads\/2026\/02\/nggallery_import\/IMG_2535.JPG?fit=1024%2C683&amp;ssl=1\" \/><\/div><a class=\"wp-block-latest-posts__post-title\" href=\"https:\/\/istressporthalterophilie.fr\/index.php\/2026\/02\/23\/petit-mot-pour-nos-benevoles\/\">Petit mot pour nos b\u00e9n\u00e9voles<\/a><div class=\"wp-block-latest-posts__post-excerpt\">Un gros week-end de comp\u00e9tition vient de se cl\u00f4turer. Entre la pr\u00e9paration intensive en amont et ces trois jours de feu, le<p><a href=\"https:\/\/istressporthalterophilie.fr\/index.php\/2026\/02\/23\/petit-mot-pour-nos-benevoles\/\" class=\"more-link themebutton\">Read More<\/a><\/p><\/div><\/li>\n<li><div class=\"wp-block-latest-posts__featured-image\"><img loading=\"lazy\" decoding=\"async\" width=\"300\" height=\"212\" src=\"https:\/\/i0.wp.com\/istressporthalterophilie.fr\/wp-content\/uploads\/2024\/06\/IMG_7296-2.jpg?fit=300%2C212&amp;ssl=1\" class=\"attachment-medium size-medium wp-post-image\" alt=\"\" style=\"\" srcset=\"https:\/\/i0.wp.com\/istressporthalterophilie.fr\/wp-content\/uploads\/2024\/06\/IMG_7296-2.jpg?w=806&amp;ssl=1 806w, https:\/\/i0.wp.com\/istressporthalterophilie.fr\/wp-content\/uploads\/2024\/06\/IMG_7296-2.jpg?resize=300%2C212&amp;ssl=1 300w, https:\/\/i0.wp.com\/istressporthalterophilie.fr\/wp-content\/uploads\/2024\/06\/IMG_7296-2.jpg?resize=768%2C543&amp;ssl=1 768w\" sizes=\"auto, (max-width: 300px) 100vw, 300px\" data-attachment-id=\"4233\" data-permalink=\"https:\/\/istressporthalterophilie.fr\/index.php\/2024\/06\/17\/les-performances-de-nos-athletes-aux-championnats-de-france-elite-seniors\/img_7296-2\/#main\" data-orig-file=\"https:\/\/i0.wp.com\/istressporthalterophilie.fr\/wp-content\/uploads\/2024\/06\/IMG_7296-2.jpg?fit=806%2C570&amp;ssl=1\" data-orig-size=\"806,570\" data-comments-opened=\"0\" data-image-meta=\"{&quot;aperture&quot;:&quot;0&quot;,&quot;credit&quot;:&quot;&quot;,&quot;camera&quot;:&quot;&quot;,&quot;caption&quot;:&quot;&quot;,&quot;created_timestamp&quot;:&quot;1718651378&quot;,&quot;copyright&quot;:&quot;&quot;,&quot;focal_length&quot;:&quot;0&quot;,&quot;iso&quot;:&quot;0&quot;,&quot;shutter_speed&quot;:&quot;0&quot;,&quot;title&quot;:&quot;&quot;,&quot;orientation&quot;:&quot;1&quot;}\" data-image-title=\"IMG_7296-2\" data-image-description=\"\" data-image-caption=\"\" data-large-file=\"https:\/\/i0.wp.com\/istressporthalterophilie.fr\/wp-content\/uploads\/2024\/06\/IMG_7296-2.jpg?fit=806%2C570&amp;ssl=1\" \/><\/div><a class=\"wp-block-latest-posts__post-title\" href=\"https:\/\/istressporthalterophilie.fr\/index.php\/2024\/06\/17\/les-performances-de-nos-athletes-aux-championnats-de-france-elite-seniors\/\">Les performances de nos athl\u00e8tes aux Championnats de France Elite Seniors<\/a><div class=\"wp-block-latest-posts__post-excerpt\">Ce week-end, la ville de Dunkerque a accueilli les Championnats de France Elite Seniors d&rsquo;halt\u00e9rophilie, un \u00e9v\u00e9nement incontournable qui rassemble les meilleurs<p><a href=\"https:\/\/istressporthalterophilie.fr\/index.php\/2024\/06\/17\/les-performances-de-nos-athletes-aux-championnats-de-france-elite-seniors\/\" class=\"more-link themebutton\">Read More<\/a><\/p><\/div><\/li>\n<li><div class=\"wp-block-latest-posts__featured-image\"><img loading=\"lazy\" decoding=\"async\" width=\"200\" height=\"300\" src=\"https:\/\/i0.wp.com\/istressporthalterophilie.fr\/wp-content\/uploads\/2024\/06\/IMG_0981-scaled.jpg?fit=200%2C300&amp;ssl=1\" class=\"attachment-medium size-medium wp-post-image\" alt=\"\" style=\"\" srcset=\"https:\/\/i0.wp.com\/istressporthalterophilie.fr\/wp-content\/uploads\/2024\/06\/IMG_0981-scaled.jpg?w=1707&amp;ssl=1 1707w, https:\/\/i0.wp.com\/istressporthalterophilie.fr\/wp-content\/uploads\/2024\/06\/IMG_0981-scaled.jpg?resize=200%2C300&amp;ssl=1 200w, https:\/\/i0.wp.com\/istressporthalterophilie.fr\/wp-content\/uploads\/2024\/06\/IMG_0981-scaled.jpg?resize=683%2C1024&amp;ssl=1 683w, https:\/\/i0.wp.com\/istressporthalterophilie.fr\/wp-content\/uploads\/2024\/06\/IMG_0981-scaled.jpg?resize=768%2C1152&amp;ssl=1 768w, https:\/\/i0.wp.com\/istressporthalterophilie.fr\/wp-content\/uploads\/2024\/06\/IMG_0981-scaled.jpg?resize=1024%2C1536&amp;ssl=1 1024w, https:\/\/i0.wp.com\/istressporthalterophilie.fr\/wp-content\/uploads\/2024\/06\/IMG_0981-scaled.jpg?resize=1365%2C2048&amp;ssl=1 1365w, https:\/\/i0.wp.com\/istressporthalterophilie.fr\/wp-content\/uploads\/2024\/06\/IMG_0981-scaled.jpg?resize=1320%2C1980&amp;ssl=1 1320w\" sizes=\"auto, (max-width: 200px) 100vw, 200px\" data-attachment-id=\"4217\" data-permalink=\"https:\/\/istressporthalterophilie.fr\/index.php\/2024\/06\/03\/performances-remarquables-pour-istres-sport-halterophilie-aux-championnats-de-france-jeunes\/img_0981-2\/#main\" data-orig-file=\"https:\/\/i0.wp.com\/istressporthalterophilie.fr\/wp-content\/uploads\/2024\/06\/IMG_0981-scaled.jpg?fit=1707%2C2560&amp;ssl=1\" data-orig-size=\"1707,2560\" data-comments-opened=\"0\" data-image-meta=\"{&quot;aperture&quot;:&quot;4.5&quot;,&quot;credit&quot;:&quot;DE BARROS Daniel&quot;,&quot;camera&quot;:&quot;Canon EOS 550D&quot;,&quot;caption&quot;:&quot;&quot;,&quot;created_timestamp&quot;:&quot;1717357741&quot;,&quot;copyright&quot;:&quot;DE BARROS Daniel&quot;,&quot;focal_length&quot;:&quot;50&quot;,&quot;iso&quot;:&quot;3200&quot;,&quot;shutter_speed&quot;:&quot;0.004&quot;,&quot;title&quot;:&quot;&quot;,&quot;orientation&quot;:&quot;1&quot;}\" data-image-title=\"IMG_0981\" data-image-description=\"\" data-image-caption=\"\" data-large-file=\"https:\/\/i0.wp.com\/istressporthalterophilie.fr\/wp-content\/uploads\/2024\/06\/IMG_0981-scaled.jpg?fit=683%2C1024&amp;ssl=1\" \/><\/div><a class=\"wp-block-latest-posts__post-title\" href=\"https:\/\/istressporthalterophilie.fr\/index.php\/2024\/06\/03\/performances-remarquables-pour-istres-sport-halterophilie-aux-championnats-de-france-jeunes\/\">Performances Remarquables pour Istres Sport Halt\u00e9rophilie aux Championnats de France Jeunes<\/a><div class=\"wp-block-latest-posts__post-excerpt\">Ce week-end, les projecteurs \u00e9taient braqu\u00e9s sur \u00c9vron, o\u00f9 se d\u00e9roulaient les Championnats de France Jeunes d&rsquo;halt\u00e9rophilie. Parmi les comp\u00e9titeurs venus de<p><a href=\"https:\/\/istressporthalterophilie.fr\/index.php\/2024\/06\/03\/performances-remarquables-pour-istres-sport-halterophilie-aux-championnats-de-france-jeunes\/\" class=\"more-link themebutton\">Read More<\/a><\/p><\/div><\/li>\n<li><div class=\"wp-block-latest-posts__featured-image\"><img loading=\"lazy\" decoding=\"async\" width=\"300\" height=\"261\" src=\"https:\/\/i0.wp.com\/istressporthalterophilie.fr\/wp-content\/uploads\/2024\/05\/PHOTO-2024-05-16-07-03-22-Petite.png?fit=300%2C261&amp;ssl=1\" class=\"attachment-medium size-medium wp-post-image\" alt=\"\" style=\"\" srcset=\"https:\/\/i0.wp.com\/istressporthalterophilie.fr\/wp-content\/uploads\/2024\/05\/PHOTO-2024-05-16-07-03-22-Petite.png?w=320&amp;ssl=1 320w, https:\/\/i0.wp.com\/istressporthalterophilie.fr\/wp-content\/uploads\/2024\/05\/PHOTO-2024-05-16-07-03-22-Petite.png?resize=300%2C261&amp;ssl=1 300w\" sizes=\"auto, (max-width: 300px) 100vw, 300px\" data-attachment-id=\"4181\" data-permalink=\"https:\/\/istressporthalterophilie.fr\/index.php\/2024\/05\/16\/istres-sport-halterophilie-brille-aux-championnats-de-france-unss\/photo-2024-05-16-07-03-22-petite\/#main\" data-orig-file=\"https:\/\/i0.wp.com\/istressporthalterophilie.fr\/wp-content\/uploads\/2024\/05\/PHOTO-2024-05-16-07-03-22-Petite.png?fit=320%2C278&amp;ssl=1\" data-orig-size=\"320,278\" data-comments-opened=\"0\" data-image-meta=\"{&quot;aperture&quot;:&quot;0&quot;,&quot;credit&quot;:&quot;&quot;,&quot;camera&quot;:&quot;&quot;,&quot;caption&quot;:&quot;&quot;,&quot;created_timestamp&quot;:&quot;0&quot;,&quot;copyright&quot;:&quot;&quot;,&quot;focal_length&quot;:&quot;0&quot;,&quot;iso&quot;:&quot;0&quot;,&quot;shutter_speed&quot;:&quot;0&quot;,&quot;title&quot;:&quot;&quot;,&quot;orientation&quot;:&quot;0&quot;}\" data-image-title=\"PHOTO-2024-05-16-07-03-22 &#8211; Petite\" data-image-description=\"\" data-image-caption=\"\" data-large-file=\"https:\/\/i0.wp.com\/istressporthalterophilie.fr\/wp-content\/uploads\/2024\/05\/PHOTO-2024-05-16-07-03-22-Petite.png?fit=320%2C278&amp;ssl=1\" \/><\/div><a class=\"wp-block-latest-posts__post-title\" href=\"https:\/\/istressporthalterophilie.fr\/index.php\/2024\/05\/16\/istres-sport-halterophilie-brille-aux-championnats-de-france-unss\/\">Istres Sport Halt\u00e9rophilie brille aux Championnats de France UNSS<\/a><div class=\"wp-block-latest-posts__post-excerpt\">Istres Sport Halt\u00e9rophilie a \u00e9crit une nouvelle page de son histoire lors des Championnats de France UNSS qui se sont d\u00e9roul\u00e9s \u00e0<p><a href=\"https:\/\/istressporthalterophilie.fr\/index.php\/2024\/05\/16\/istres-sport-halterophilie-brille-aux-championnats-de-france-unss\/\" class=\"more-link themebutton\">Read More<\/a><\/p><\/div><\/li>\n<li><div class=\"wp-block-latest-posts__featured-image\"><img loading=\"lazy\" decoding=\"async\" width=\"300\" height=\"200\" src=\"https:\/\/i0.wp.com\/istressporthalterophilie.fr\/wp-content\/uploads\/2024\/03\/IMG_6233-scaled.jpg?fit=300%2C200&amp;ssl=1\" class=\"attachment-medium size-medium wp-post-image\" alt=\"\" style=\"\" srcset=\"https:\/\/i0.wp.com\/istressporthalterophilie.fr\/wp-content\/uploads\/2024\/03\/IMG_6233-scaled.jpg?w=2560&amp;ssl=1 2560w, https:\/\/i0.wp.com\/istressporthalterophilie.fr\/wp-content\/uploads\/2024\/03\/IMG_6233-scaled.jpg?resize=300%2C200&amp;ssl=1 300w, https:\/\/i0.wp.com\/istressporthalterophilie.fr\/wp-content\/uploads\/2024\/03\/IMG_6233-scaled.jpg?resize=1024%2C683&amp;ssl=1 1024w, https:\/\/i0.wp.com\/istressporthalterophilie.fr\/wp-content\/uploads\/2024\/03\/IMG_6233-scaled.jpg?resize=768%2C512&amp;ssl=1 768w, https:\/\/i0.wp.com\/istressporthalterophilie.fr\/wp-content\/uploads\/2024\/03\/IMG_6233-scaled.jpg?resize=1536%2C1024&amp;ssl=1 1536w, https:\/\/i0.wp.com\/istressporthalterophilie.fr\/wp-content\/uploads\/2024\/03\/IMG_6233-scaled.jpg?resize=2048%2C1365&amp;ssl=1 2048w, https:\/\/i0.wp.com\/istressporthalterophilie.fr\/wp-content\/uploads\/2024\/03\/IMG_6233-scaled.jpg?resize=1140%2C760&amp;ssl=1 1140w, https:\/\/i0.wp.com\/istressporthalterophilie.fr\/wp-content\/uploads\/2024\/03\/IMG_6233-scaled.jpg?resize=570%2C380&amp;ssl=1 570w, https:\/\/i0.wp.com\/istressporthalterophilie.fr\/wp-content\/uploads\/2024\/03\/IMG_6233-scaled.jpg?resize=380%2C254&amp;ssl=1 380w, https:\/\/i0.wp.com\/istressporthalterophilie.fr\/wp-content\/uploads\/2024\/03\/IMG_6233-scaled.jpg?resize=285%2C190&amp;ssl=1 285w, https:\/\/i0.wp.com\/istressporthalterophilie.fr\/wp-content\/uploads\/2024\/03\/IMG_6233-scaled.jpg?resize=1320%2C880&amp;ssl=1 1320w, https:\/\/i0.wp.com\/istressporthalterophilie.fr\/wp-content\/uploads\/2024\/03\/IMG_6233-scaled.jpg?w=2340 2340w\" sizes=\"auto, (max-width: 300px) 100vw, 300px\" data-attachment-id=\"4168\" data-permalink=\"https:\/\/istressporthalterophilie.fr\/index.php\/2024\/03\/14\/championnats-de-france-des-clubs-les-resultats\/img_6233\/#main\" data-orig-file=\"https:\/\/i0.wp.com\/istressporthalterophilie.fr\/wp-content\/uploads\/2024\/03\/IMG_6233-scaled.jpg?fit=2560%2C1707&amp;ssl=1\" data-orig-size=\"2560,1707\" data-comments-opened=\"0\" data-image-meta=\"{&quot;aperture&quot;:&quot;0&quot;,&quot;credit&quot;:&quot;&quot;,&quot;camera&quot;:&quot;&quot;,&quot;caption&quot;:&quot;&quot;,&quot;created_timestamp&quot;:&quot;0&quot;,&quot;copyright&quot;:&quot;&quot;,&quot;focal_length&quot;:&quot;0&quot;,&quot;iso&quot;:&quot;0&quot;,&quot;shutter_speed&quot;:&quot;0&quot;,&quot;title&quot;:&quot;&quot;,&quot;orientation&quot;:&quot;1&quot;}\" data-image-title=\"IMG_6233\" data-image-description=\"\" data-image-caption=\"\" data-large-file=\"https:\/\/i0.wp.com\/istressporthalterophilie.fr\/wp-content\/uploads\/2024\/03\/IMG_6233-scaled.jpg?fit=1024%2C683&amp;ssl=1\" \/><\/div><a class=\"wp-block-latest-posts__post-title\" href=\"https:\/\/istressporthalterophilie.fr\/index.php\/2024\/03\/14\/championnats-de-france-des-clubs-les-resultats\/\">Championnats de France des clubs : les r\u00e9sultats<\/a><div class=\"wp-block-latest-posts__post-excerpt\">Ce week-end a \u00e9t\u00e9 marqu\u00e9 par des comp\u00e9titions intenses pour les athl\u00e8tes d&rsquo;Istres Sport Halt\u00e9rophilie, tant au niveau national que r\u00e9gional. Alors<p><a href=\"https:\/\/istressporthalterophilie.fr\/index.php\/2024\/03\/14\/championnats-de-france-des-clubs-les-resultats\/\" class=\"more-link themebutton\">Read More<\/a><\/p><\/div><\/li>\n<\/ul>\n\n","protected":false},"excerpt":{"rendered":"","protected":false},"author":1,"featured_media":0,"parent":0,"menu_order":0,"comment_status":"closed","ping_status":"closed","template":"","meta":{"ngg_post_thumbnail":0,"footnotes":""},"class_list":["post-3514","page","type-page","status-publish","hentry"],"jetpack_sharing_enabled":true,"jetpack_shortlink":"https:\/\/wp.me\/P6VFVS-UG","jetpack-related-posts":[{"id":2425,"url":"https:\/\/istressporthalterophilie.fr\/index.php\/contact\/","url_meta":{"origin":3514,"position":0},"title":"Contact","author":"daniel","date":"18 septembre 2019","format":false,"excerpt":"Attention l'adresse postale diff\u00e8re de l'adresse de pratique Adresse postale : Trigance 3, All\u00e9e de la passe pierre 13800 Istres contact@istressporthalterophilie.frhttp:\/\/facebook.com\/istressporthalterophilie\/ https:\/\/www.instagram.com\/istressporthalterophilie\/ Pr\u00e9sident du club : \u00a0 \u00a0\u00a0Daniel De BarrosTel: \u00a0 \u00a0 \u00a0 \u00a0 \u00a0 \u00a0 \u00a0 \u00a0 \u00a0 \u00a0 \u00a0 \u00a0 \u00a0 \u00a0 \u00a0 \u00a0 06 19 79 02\u2026","rel":"","context":"Article similaire","block_context":{"text":"Article similaire","link":""},"img":{"alt_text":"","src":"","width":0,"height":0},"classes":[]},{"id":12,"url":"https:\/\/istressporthalterophilie.fr\/index.php\/calendrier\/","url_meta":{"origin":3514,"position":1},"title":"Calendrier","author":"daniel","date":"24 f\u00e9vrier 2015","format":false,"excerpt":"","rel":"","context":"Article similaire","block_context":{"text":"Article similaire","link":""},"img":{"alt_text":"","src":"","width":0,"height":0},"classes":[]},{"id":18,"url":"https:\/\/istressporthalterophilie.fr\/index.php\/gallery\/","url_meta":{"origin":3514,"position":2},"title":"Gallerie","author":"daniel","date":"24 f\u00e9vrier 2015","format":false,"excerpt":"","rel":"","context":"Article similaire","block_context":{"text":"Article similaire","link":""},"img":{"alt_text":"","src":"","width":0,"height":0},"classes":[]},{"id":4380,"url":"https:\/\/istressporthalterophilie.fr\/index.php\/tarifs-et-horaires\/flyer-faites-du-sport\/","url_meta":{"origin":3514,"position":3},"title":"Flyer \u00ab\u00a0Fa\u00eetes du Sport\u00a0\u00bb","author":"daniel","date":"12 septembre 2025","format":false,"excerpt":"","rel":"","context":"Article similaire","block_context":{"text":"Article similaire","link":""},"img":{"alt_text":"","src":"https:\/\/i0.wp.com\/istressporthalterophilie.fr\/wp-content\/uploads\/2025\/09\/ISTRES-SPORT-HALTEROPHILIE.png?resize=350%2C200&ssl=1","width":350,"height":200,"srcset":"https:\/\/i0.wp.com\/istressporthalterophilie.fr\/wp-content\/uploads\/2025\/09\/ISTRES-SPORT-HALTEROPHILIE.png?resize=350%2C200&ssl=1 1x, https:\/\/i0.wp.com\/istressporthalterophilie.fr\/wp-content\/uploads\/2025\/09\/ISTRES-SPORT-HALTEROPHILIE.png?resize=525%2C300&ssl=1 1.5x, https:\/\/i0.wp.com\/istressporthalterophilie.fr\/wp-content\/uploads\/2025\/09\/ISTRES-SPORT-HALTEROPHILIE.png?resize=700%2C400&ssl=1 2x, https:\/\/i0.wp.com\/istressporthalterophilie.fr\/wp-content\/uploads\/2025\/09\/ISTRES-SPORT-HALTEROPHILIE.png?resize=1050%2C600&ssl=1 3x, https:\/\/i0.wp.com\/istressporthalterophilie.fr\/wp-content\/uploads\/2025\/09\/ISTRES-SPORT-HALTEROPHILIE.png?resize=1400%2C800&ssl=1 4x"},"classes":[]},{"id":3802,"url":"https:\/\/istressporthalterophilie.fr\/index.php\/salle\/","url_meta":{"origin":3514,"position":4},"title":"Salle","author":"daniel","date":"9 septembre 2022","format":false,"excerpt":"","rel":"","context":"Article similaire","block_context":{"text":"Article similaire","link":""},"img":{"alt_text":"","src":"","width":0,"height":0},"classes":[]},{"id":4172,"url":"https:\/\/istressporthalterophilie.fr\/index.php\/le-staff\/","url_meta":{"origin":3514,"position":5},"title":"Le staff","author":"daniel","date":"27 mai 2024","format":false,"excerpt":"Pr\u00e9sident du club DE BARROS Daniel Vice-Pr\u00e9sident (Charg\u00e9 de l'halt\u00e9rophilie)- Entra\u00eeneur DIMANCHE Bruno Entra\u00eeneur DE BARROS Jean-Paul Tr\u00e9sori\u00e8re DE BARROS Nathalie Membre du bureau CHAUBET Jean-Paul Membre du bureau CHERIGUENE Michel Membre du bureau CLAUX Anthony Community Manager \/ Membre du bureau BERTRAND L\u00e9na Coach Sportif Halt\u00e9rophilie Musculation BOLUDA Thomas","rel":"","context":"Article similaire","block_context":{"text":"Article similaire","link":""},"img":{"alt_text":"","src":"https:\/\/i0.wp.com\/istressporthalterophilie.fr\/wp-content\/uploads\/2025\/04\/Bruno-Dimanche.zip-2.png?resize=350%2C200&ssl=1","width":350,"height":200,"srcset":"https:\/\/i0.wp.com\/istressporthalterophilie.fr\/wp-content\/uploads\/2025\/04\/Bruno-Dimanche.zip-2.png?resize=350%2C200&ssl=1 1x, https:\/\/i0.wp.com\/istressporthalterophilie.fr\/wp-content\/uploads\/2025\/04\/Bruno-Dimanche.zip-2.png?resize=525%2C300&ssl=1 1.5x, https:\/\/i0.wp.com\/istressporthalterophilie.fr\/wp-content\/uploads\/2025\/04\/Bruno-Dimanche.zip-2.png?resize=700%2C400&ssl=1 2x, https:\/\/i0.wp.com\/istressporthalterophilie.fr\/wp-content\/uploads\/2025\/04\/Bruno-Dimanche.zip-2.png?resize=1050%2C600&ssl=1 3x"},"classes":[]}],"jetpack_likes_enabled":true,"_links":{"self":[{"href":"https:\/\/istressporthalterophilie.fr\/index.php\/wp-json\/wp\/v2\/pages\/3514","targetHints":{"allow":["GET"]}}],"collection":[{"href":"https:\/\/istressporthalterophilie.fr\/index.php\/wp-json\/wp\/v2\/pages"}],"about":[{"href":"https:\/\/istressporthalterophilie.fr\/index.php\/wp-json\/wp\/v2\/types\/page"}],"author":[{"embeddable":true,"href":"https:\/\/istressporthalterophilie.fr\/index.php\/wp-json\/wp\/v2\/users\/1"}],"replies":[{"embeddable":true,"href":"https:\/\/istressporthalterophilie.fr\/index.php\/wp-json\/wp\/v2\/comments?post=3514"}],"version-history":[{"count":4,"href":"https:\/\/istressporthalterophilie.fr\/index.php\/wp-json\/wp\/v2\/pages\/3514\/revisions"}],"predecessor-version":[{"id":3520,"href":"https:\/\/istressporthalterophilie.fr\/index.php\/wp-json\/wp\/v2\/pages\/3514\/revisions\/3520"}],"wp:attachment":[{"href":"https:\/\/istressporthalterophilie.fr\/index.php\/wp-json\/wp\/v2\/media?parent=3514"}],"curies":[{"name":"wp","href":"https:\/\/api.w.org\/{rel}","templated":true}]}}