{"id":4380,"date":"2025-09-12T14:50:22","date_gmt":"2025-09-12T12:50:22","guid":{"rendered":"https:\/\/istressporthalterophilie.fr\/?page_id=4380"},"modified":"2025-09-12T14:58:06","modified_gmt":"2025-09-12T12:58:06","slug":"flyer-faites-du-sport","status":"publish","type":"page","link":"https:\/\/istressporthalterophilie.fr\/index.php\/tarifs-et-horaires\/flyer-faites-du-sport\/","title":{"rendered":"Flyer \u00ab\u00a0Fa\u00eetes du Sport\u00a0\u00bb"},"content":{"rendered":"\n<figure class=\"wp-block-image size-large\"><a href=\"https:\/\/istressporthalterophilie.fr\/index.php\/tarifs-et-horaires\/\"><img data-recalc-dims=\"1\" loading=\"lazy\" decoding=\"async\" width=\"724\" height=\"1024\" data-attachment-id=\"4381\" data-permalink=\"https:\/\/istressporthalterophilie.fr\/index.php\/tarifs-et-horaires\/flyer-faites-du-sport\/istres-sport-halterophilie\/#main\" data-orig-file=\"https:\/\/i0.wp.com\/istressporthalterophilie.fr\/wp-content\/uploads\/2025\/09\/ISTRES-SPORT-HALTEROPHILIE.png?fit=1414%2C2000&amp;ssl=1\" data-orig-size=\"1414,2000\" data-comments-opened=\"0\" data-image-meta=\"{&quot;aperture&quot;:&quot;0&quot;,&quot;credit&quot;:&quot;&quot;,&quot;camera&quot;:&quot;&quot;,&quot;caption&quot;:&quot;&quot;,&quot;created_timestamp&quot;:&quot;0&quot;,&quot;copyright&quot;:&quot;&quot;,&quot;focal_length&quot;:&quot;0&quot;,&quot;iso&quot;:&quot;0&quot;,&quot;shutter_speed&quot;:&quot;0&quot;,&quot;title&quot;:&quot;&quot;,&quot;orientation&quot;:&quot;0&quot;}\" data-image-title=\"ISTRES SPORT HALT\u00c9ROPHILIE\" data-image-description=\"\" data-image-caption=\"\" data-large-file=\"https:\/\/i0.wp.com\/istressporthalterophilie.fr\/wp-content\/uploads\/2025\/09\/ISTRES-SPORT-HALTEROPHILIE.png?fit=724%2C1024&amp;ssl=1\" src=\"https:\/\/i0.wp.com\/istressporthalterophilie.fr\/wp-content\/uploads\/2025\/09\/ISTRES-SPORT-HALTEROPHILIE-724x1024.png?resize=724%2C1024&#038;ssl=1\" alt=\"\" class=\"wp-image-4381\" srcset=\"https:\/\/i0.wp.com\/istressporthalterophilie.fr\/wp-content\/uploads\/2025\/09\/ISTRES-SPORT-HALTEROPHILIE.png?resize=724%2C1024&amp;ssl=1 724w, https:\/\/i0.wp.com\/istressporthalterophilie.fr\/wp-content\/uploads\/2025\/09\/ISTRES-SPORT-HALTEROPHILIE.png?resize=212%2C300&amp;ssl=1 212w, https:\/\/i0.wp.com\/istressporthalterophilie.fr\/wp-content\/uploads\/2025\/09\/ISTRES-SPORT-HALTEROPHILIE.png?resize=768%2C1086&amp;ssl=1 768w, https:\/\/i0.wp.com\/istressporthalterophilie.fr\/wp-content\/uploads\/2025\/09\/ISTRES-SPORT-HALTEROPHILIE.png?resize=1086%2C1536&amp;ssl=1 1086w, https:\/\/i0.wp.com\/istressporthalterophilie.fr\/wp-content\/uploads\/2025\/09\/ISTRES-SPORT-HALTEROPHILIE.png?resize=1320%2C1867&amp;ssl=1 1320w, https:\/\/i0.wp.com\/istressporthalterophilie.fr\/wp-content\/uploads\/2025\/09\/ISTRES-SPORT-HALTEROPHILIE.png?w=1414&amp;ssl=1 1414w\" sizes=\"auto, (max-width: 724px) 100vw, 724px\" \/><\/a><\/figure>\n","protected":false},"excerpt":{"rendered":"","protected":false},"author":1,"featured_media":0,"parent":3484,"menu_order":0,"comment_status":"closed","ping_status":"closed","template":"","meta":{"ngg_post_thumbnail":0,"jetpack_post_was_ever_published":false,"footnotes":""},"class_list":["post-4380","page","type-page","status-publish","hentry"],"jetpack_sharing_enabled":true,"jetpack_shortlink":"https:\/\/wp.me\/P6VFVS-18E","jetpack-related-posts":[{"id":3484,"url":"https:\/\/istressporthalterophilie.fr\/index.php\/tarifs-et-horaires\/","url_meta":{"origin":4380,"position":0},"title":"Inscriptions &#8211; Tarifs &#8211; Horaire","author":"daniel","date":"6 septembre 2021","format":false,"excerpt":"Inscription Le club prend les inscriptions tout au long de l'ann\u00e9e (du 1er septembre au 31 Ao\u00fbt). Les prises d'inscriptions sont possible tous les jours avant 18h si possible. Document n\u00e9cessaire pour les - 18ans (Loisir ou comp\u00e9tition) Formulaire d'inscription + Questionnaire sant\u00e9 pour les mineurs + r\u00e8glement de la\u2026","rel":"","context":"Article similaire","block_context":{"text":"Article similaire","link":""},"img":{"alt_text":"","src":"https:\/\/i0.wp.com\/istressporthalterophilie.fr\/wp-content\/uploads\/2022\/09\/IMG_0657-scaled.jpg?fit=1200%2C613&ssl=1&resize=350%2C200","width":350,"height":200,"srcset":"https:\/\/i0.wp.com\/istressporthalterophilie.fr\/wp-content\/uploads\/2022\/09\/IMG_0657-scaled.jpg?fit=1200%2C613&ssl=1&resize=350%2C200 1x, https:\/\/i0.wp.com\/istressporthalterophilie.fr\/wp-content\/uploads\/2022\/09\/IMG_0657-scaled.jpg?fit=1200%2C613&ssl=1&resize=525%2C300 1.5x, https:\/\/i0.wp.com\/istressporthalterophilie.fr\/wp-content\/uploads\/2022\/09\/IMG_0657-scaled.jpg?fit=1200%2C613&ssl=1&resize=700%2C400 2x, https:\/\/i0.wp.com\/istressporthalterophilie.fr\/wp-content\/uploads\/2022\/09\/IMG_0657-scaled.jpg?fit=1200%2C613&ssl=1&resize=1050%2C600 3x"},"classes":[]}],"jetpack_likes_enabled":true,"_links":{"self":[{"href":"https:\/\/istressporthalterophilie.fr\/index.php\/wp-json\/wp\/v2\/pages\/4380","targetHints":{"allow":["GET"]}}],"collection":[{"href":"https:\/\/istressporthalterophilie.fr\/index.php\/wp-json\/wp\/v2\/pages"}],"about":[{"href":"https:\/\/istressporthalterophilie.fr\/index.php\/wp-json\/wp\/v2\/types\/page"}],"author":[{"embeddable":true,"href":"https:\/\/istressporthalterophilie.fr\/index.php\/wp-json\/wp\/v2\/users\/1"}],"replies":[{"embeddable":true,"href":"https:\/\/istressporthalterophilie.fr\/index.php\/wp-json\/wp\/v2\/comments?post=4380"}],"version-history":[{"count":3,"href":"https:\/\/istressporthalterophilie.fr\/index.php\/wp-json\/wp\/v2\/pages\/4380\/revisions"}],"predecessor-version":[{"id":4385,"href":"https:\/\/istressporthalterophilie.fr\/index.php\/wp-json\/wp\/v2\/pages\/4380\/revisions\/4385"}],"up":[{"embeddable":true,"href":"https:\/\/istressporthalterophilie.fr\/index.php\/wp-json\/wp\/v2\/pages\/3484"}],"wp:attachment":[{"href":"https:\/\/istressporthalterophilie.fr\/index.php\/wp-json\/wp\/v2\/media?parent=4380"}],"curies":[{"name":"wp","href":"https:\/\/api.w.org\/{rel}","templated":true}]}}